{"id":100,"date":"2025-06-16T16:23:26","date_gmt":"2025-06-16T21:23:26","guid":{"rendered":"https:\/\/marthalacontadora.com\/?page_id=100"},"modified":"2025-07-18T13:19:45","modified_gmt":"2025-07-18T18:19:45","slug":"sobre-nosotros","status":"publish","type":"page","link":"https:\/\/marthalacontadora.com\/?page_id=100","title":{"rendered":"Sobre nosotros"},"content":{"rendered":"<div class=\"brz-root__container brz-reset-all brz brz-root__container-page\">\n<section id=\"2ba157f951a1dc666142_ksfROHCUXqCZ\" class=\"brz-section brz-css-h36qop brz-css-10t1jp1\">\n<div class=\"brz-section__content brz-section--boxed brz-css-1rxdtok brz-css-2ygwrp\" data-brz-custom-id=\"ntjBOdw79BH8\">\n<div class=\"brz-container brz-css-glv9k0 brz-css-ez5tea\">\n<div class=\"brz-row__container brz-css-1ra8nq2 brz-css-7il3fi\" data-brz-custom-id=\"f45qXGtLNfSM\">\n<div class=\"brz-row brz-css-wvvk8 brz-css-1eaaa5b brz-css-ajeep7\">\n<div class=\"brz-columns brz-css-qb05dh brz-css-l0at5b\" data-brz-custom-id=\"tCrEEaNxr8OZ\">\n<div class=\"brz-column__items brz-css-1gjnab6 brz-css-1247ch9\">\n<div id=\"\" class=\"brz-css-1anx6ba brz-css-fziqzb brz-wrapper\">\n<div class=\"brz-rich-text brz-rich-text__custom brz-css-138m34y brz-css-1lu2x95\" data-brz-custom-id=\"y7kONFrbsdsu\">\n<div data-brz-translate-text=\"1\">\n<p class=\"brz-tp-lg-paragraph brz-css-uSad1\" data-generated-css=\"brz-css-kWPTm\" data-uniq-id=\"jUl1A\"><span style=\"color: rgb(13, 13, 13); background-color: transparent;\">Martha la Contadora nace del deseo de hacer la contabilidad simple, cercana y \u00fatil para todos.<\/span><\/p>\n<p class=\"brz-tp-lg-paragraph brz-css-dyoZm\" data-generated-css=\"brz-css-csIxe\" data-uniq-id=\"m_kpE\"><span style=\"color: rgb(13, 13, 13); background-color: transparent;\"> Somos un espacio educativo y de acompa\u00f1amiento contable creado para derribar el mito de que los impuestos y los n\u00fameros solo los entienden los expertos.<\/span><\/p>\n<p class=\"brz-tp-lg-empty brz-ff-montserrat brz-ft-google brz-fs-lg-18 brz-fss-lg-px brz-fw-lg-500 brz-ls-lg-0 brz-lh-lg-1_9 brz-vfw-lg-400 brz-fwdth-lg-100 brz-fsft-lg-0 brz-mb-lg-0 brz-mt-lg-0 brz-css-cVIIr\" data-generated-css=\"brz-css-woIVT\" data-uniq-id=\"v8oSo\"><span style=\"color: rgb(13, 13, 13); background-color: transparent;\">Aqu\u00ed creemos que aprender contabilidad no tiene por qu\u00e9 ser aburrido, ni complicado. Por eso, combinamos la precisi\u00f3n de una contadora con experiencia con el tono alegre, claro y humano de alguien que quiere verte crecer.<\/span><\/p>\n<p class=\"brz-tp-lg-paragraph brz-ff-montserrat brz-ft-google brz-fs-lg-18 brz-fss-lg-px brz-fw-lg-500 brz-ls-lg-0 brz-lh-lg-1_9 brz-vfw-lg-400 brz-fwdth-lg-100 brz-fsft-lg-0 brz-mb-lg-0 brz-mt-lg-0 brz-css-st8eW\" data-generated-css=\"brz-css-enBny\" data-uniq-id=\"xxl6e\"><span style=\"color: rgb(13, 13, 13); background-color: transparent;\">Desde estudiantes hasta emprendedores, pasando por trabajadores independientes y curiosos de la contabilidad: este es un espacio para ti. Un lugar donde la contabilidad, se explica con ejemplos reales y se vive.<\/span><\/p>\n<p class=\"brz-tp-lg-paragraph brz-ff-montserrat brz-ft-google brz-fs-lg-18 brz-fss-lg-px brz-fw-lg-500 brz-ls-lg-0 brz-lh-lg-1_9 brz-vfw-lg-400 brz-fwdth-lg-100 brz-fsft-lg-0 brz-mb-lg-0 brz-mt-lg-0 brz-css-yUl8T\" data-generated-css=\"brz-css-whXwo\" data-uniq-id=\"iMviW\"><span style=\"color: rgb(13, 13, 13); background-color: transparent;\"> Nuestra misi\u00f3n es ayudarte a tomar decisiones informadas, somos educaci\u00f3n contable con alma.<\/span><\/p>\n<p data-generated-css=\"brz-css-oSPGy\" data-uniq-id=\"z7SV8\" class=\"brz-ff-montserrat brz-ft-google brz-fs-lg-18 brz-fss-lg-px brz-fw-lg-500 brz-ls-lg-0 brz-lh-lg-1_9 brz-vfw-lg-400 brz-fwdth-lg-100 brz-fsft-lg-0 brz-mb-lg-0 brz-mt-lg-0 brz-tp-lg-paragraph brz-css-cbc7b\"><span style=\"color: rgb(13, 13, 13); background-color: transparent;\">Martha la Contadora<\/span><\/p>\n<\/div>\n<\/div>\n<\/div>\n<\/div>\n<\/div>\n<div class=\"brz-columns brz-css-qb05dh brz-css-da4rm4\" data-brz-custom-id=\"oyar062Tgnt_\">\n<div class=\"brz-column__items brz-css-1gjnab6 brz-css-1mln7oz\">\n<div id=\"\" class=\"brz-css-1anx6ba brz-css-2r8t6x brz-wrapper\">\n<div class=\"brz-image brz-css-pxxorg brz-css-8dm64l\" data-brz-custom-id=\"gKhNU8zKqtrZ\"><picture class=\"brz-picture brz-d-block brz-p-relative brz-css-1g207ea brz-css-1pj9zay\"><source srcset=\"https:\/\/marthalacontadora.com\/wp-content\/uploads\/2025\/06\/PHOTO-PLACE-HOLDER.png 1x, https:\/\/marthalacontadora.com\/wp-content\/uploads\/2025\/06\/PHOTO-PLACE-HOLDER.png 2x\" media=\"(min-width: 992px)\"><source srcset=\"https:\/\/marthalacontadora.com\/wp-content\/uploads\/2025\/06\/PHOTO-PLACE-HOLDER.png 1x, https:\/\/marthalacontadora.com\/wp-content\/uploads\/2025\/06\/PHOTO-PLACE-HOLDER.png 2x\" media=\"(min-width: 768px)\"><img decoding=\"async\" class=\"brz-img\" srcset=\"https:\/\/marthalacontadora.com\/wp-content\/uploads\/2025\/06\/PHOTO-PLACE-HOLDER.png 1x, https:\/\/marthalacontadora.com\/wp-content\/uploads\/2025\/06\/PHOTO-PLACE-HOLDER.png 2x\" src=\"https:\/\/marthalacontadora.com\/wp-content\/uploads\/2025\/06\/PHOTO-PLACE-HOLDER.png\" alt=\"\" title=\"PHOTO PLACE HOLDER\" draggable=\"false\" loading=\"lazy\"><\/picture><\/div>\n<\/div>\n<\/div>\n<\/div>\n<\/div>\n<\/div>\n<\/div>\n<\/div>\n<\/section>\n<\/div>\n<p>    <!-- version:1752862785 --><\/p>\n","protected":false},"excerpt":{"rendered":"<p>Martha la Contadora nace del deseo de hacer la contabilidad simple, cercana y \u00fatil para todos. Somos un espacio educativo y de acompa\u00f1amiento contable creado para derribar el mito de que los impuestos y los n\u00fameros solo los entienden los expertos. Aqu\u00ed creemos que aprender contabilidad no tiene por qu\u00e9 ser aburrido, ni complicado. Por [&hellip;]<\/p>\n","protected":false},"author":1,"featured_media":0,"parent":0,"menu_order":0,"comment_status":"closed","ping_status":"closed","template":"brizy-blank-template.php","meta":{"footnotes":""},"class_list":["post-100","page","type-page","status-publish","hentry"],"_links":{"self":[{"href":"https:\/\/marthalacontadora.com\/index.php?rest_route=\/wp\/v2\/pages\/100","targetHints":{"allow":["GET"]}}],"collection":[{"href":"https:\/\/marthalacontadora.com\/index.php?rest_route=\/wp\/v2\/pages"}],"about":[{"href":"https:\/\/marthalacontadora.com\/index.php?rest_route=\/wp\/v2\/types\/page"}],"author":[{"embeddable":true,"href":"https:\/\/marthalacontadora.com\/index.php?rest_route=\/wp\/v2\/users\/1"}],"replies":[{"embeddable":true,"href":"https:\/\/marthalacontadora.com\/index.php?rest_route=%2Fwp%2Fv2%2Fcomments&post=100"}],"version-history":[{"count":5,"href":"https:\/\/marthalacontadora.com\/index.php?rest_route=\/wp\/v2\/pages\/100\/revisions"}],"predecessor-version":[{"id":260,"href":"https:\/\/marthalacontadora.com\/index.php?rest_route=\/wp\/v2\/pages\/100\/revisions\/260"}],"wp:attachment":[{"href":"https:\/\/marthalacontadora.com\/index.php?rest_route=%2Fwp%2Fv2%2Fmedia&parent=100"}],"curies":[{"name":"wp","href":"https:\/\/api.w.org\/{rel}","templated":true}]}}