{"id":96,"date":"2025-06-16T16:22:33","date_gmt":"2025-06-16T21:22:33","guid":{"rendered":"https:\/\/marthalacontadora.com\/?page_id=96"},"modified":"2025-07-18T13:55:44","modified_gmt":"2025-07-18T18:55:44","slug":"inicio","status":"publish","type":"page","link":"https:\/\/marthalacontadora.com\/","title":{"rendered":"Inicio"},"content":{"rendered":"<div class=\"brz-root__container brz-reset-all brz brz-root__container-page\">\n<section id=\"f5c3438c5cd05d5a4b88_jVI8nGpbOTLN\" class=\"brz-section brz-css-vno3y3 brz-css-1h36l41\">\n<div class=\"brz-section__content brz-section--boxed brz-css-11jcu2b brz-css-jbfr38\" data-brz-custom-id=\"x34eb0aRo0gW\">\n<div class=\"brz-bg\">\n<div class=\"brz-bg-image\"><\/div>\n<\/div>\n<div class=\"brz-container brz-css-19r9kdu brz-css-1dsk6vd\">\n<div id=\"\" class=\"brz-css-1p14tse brz-css-l0w1on brz-css-1p8zf94 brz-wrapper\">\n<div class=\"brz-spacer brz-css-8ua12c brz-css-wjbpu5\"><\/div>\n<\/div>\n<div id=\"\" class=\"brz-css-1p14tse brz-css-1rhn5sh brz-wrapper\">\n<div class=\"brz-rich-text brz-rich-text__custom brz-css-zxsul0 brz-css-lqmc3q\" data-brz-custom-id=\"cOOYCVfA3vrH\">\n<div data-brz-translate-text=\"1\">\n<h3 data-uniq-id=\"afryr\" data-generated-css=\"brz-css-q2uqO\" class=\"brz-text-lg-right brz-tp-lg-heading3 brz-css-eDxYz\"><span style=\"color: rgb(69, 86, 86);\">BIENVENIDOS AL SITIO WEB OFICIAL DE MARTHA LA CONTADORA<\/span><\/h3>\n<\/div>\n<\/div>\n<\/div>\n<div id=\"\" class=\"brz-css-1p14tse brz-css-go0yo1 brz-wrapper\">\n<div class=\"brz-rich-text brz-rich-text__custom brz-css-zxsul0 brz-css-3z90nz\" data-brz-custom-id=\"qkROmAVtDrAh\">\n<div data-brz-translate-text=\"1\">\n<p data-uniq-id=\"gSYcj\" data-generated-css=\"brz-css-pYZ8l\" class=\"brz-mb-lg-60 brz-tp-lg-paragraph brz-text-lg-right brz-css-f8oje\"><span style=\"color: rgb(69, 86, 86); background-color: transparent;\">    Un espacio creado para acompa\u00f1arte, resolver tus dudas contables y ayudarte a tomar decisiones con confianza.<\/span><\/p>\n<\/div>\n<\/div>\n<\/div>\n<div id=\"\" class=\"brz-css-1p14tse brz-css-l0w1on brz-css-1ed62md brz-wrapper\">\n<div class=\"brz-spacer brz-css-8ua12c brz-css-ajgcb1\"><\/div>\n<\/div>\n<\/div>\n<\/div>\n<\/section>\n<section id=\"fbf876f142531c496275_xTOz6SdZQRID\" class=\"brz-section brz-css-vno3y3 brz-css-8z4cgy\">\n<div class=\"brz-section__content brz-section--boxed brz-css-11jcu2b brz-css-d3ls0b\" data-brz-custom-id=\"adatgqQsPOOU\">\n<div class=\"brz-container brz-css-19r9kdu brz-css-cq4ta2\">\n<div id=\"\" class=\"brz-css-1p14tse brz-css-1e2z90g brz-wrapper\">\n<div class=\"brz-rich-text brz-rich-text__custom brz-css-zxsul0 brz-css-emttck\" data-brz-custom-id=\"iiE8uZJ8gCYC\">\n<div data-brz-translate-text=\"1\">\n<h3 data-generated-css=\"brz-css-iIx4t\" data-uniq-id=\"jmPGO\" class=\"brz-tp-lg-heading3 brz-css-tQ_Sc\"><span style=\"color: rgb(0, 0, 0);\">\u00bfQuienes somos?<\/span><\/h3>\n<\/div>\n<\/div>\n<\/div>\n<div id=\"\" class=\"brz-css-1p14tse brz-css-9fnkiy brz-wrapper\">\n<div class=\"brz-rich-text brz-rich-text__custom brz-css-zxsul0 brz-css-1qa1202\" data-brz-custom-id=\"tU8xUNNbhALf\">\n<div data-brz-translate-text=\"1\">\n<p class=\"brz-tp-lg-paragraph brz-css-zgjVJ\" data-uniq-id=\"pBK3v\" data-generated-css=\"brz-css-pdrXi\"><span style=\"background-color: transparent;\">Despu\u00e9s de 34 a\u00f1os trabajando en el mundo contable, entend\u00ed algo: lo que para algunos parece complicado, para m\u00ed se ha convertido en una forma de ayudar.<\/span><\/p>\n<p data-uniq-id=\"vH4RU\" data-generated-css=\"brz-css-szuqG\" class=\"brz-tp-lg-paragraph brz-text-lg-justify brz-css-d31Xy\"><span style=\"background-color: transparent;\"> <\/span><em style=\"background-color: transparent;\">Martha la contadora<\/em><span style=\"background-color: transparent;\"> naci\u00f3 del deseo de transformar ese conocimiento acumulado en herramientas reales para las personas. Quise crear un espacio donde la contabilidad no d\u00e9 miedo, donde se hable claro, se comparta con empat\u00eda y se valore el poder de estar bien informados.<\/span><\/p>\n<p class=\"brz-tp-lg-paragraph brz-css-dyUP8\" data-uniq-id=\"gea20\" data-generated-css=\"brz-css-uOcXS\">Este no es solo un proyecto, es la manera en la que pongo mi experiencia al servicio de quienes quieren entender sus n\u00fameros, tomar decisiones acertadas y crecer, sin enredos ni tecnicismos.<\/p>\n<\/div>\n<\/div>\n<\/div>\n<\/div>\n<p><a class=\"brz-a brz-link-container\" href=\"https:\/\/marthalacontadora.com\/?page_id=100\" target=\"_self\" rel=\"noopener\" data-brz-link-type=\"page\"><\/a><\/div>\n<\/section>\n<section id=\"5fe613a357b2065f0b6a_vH9jaBOtwf_R\" class=\"brz-section brz-css-vno3y3 brz-css-188ub87\">\n<div class=\"brz-section__content brz-section--boxed brz-css-11jcu2b brz-css-8ta79p\" data-brz-custom-id=\"kn_mhj9yMFWB\">\n<div class=\"brz-container brz-css-19r9kdu brz-css-1rilgaa\">\n<div id=\"\" class=\"brz-css-1p14tse brz-css-1hmbc00 brz-wrapper\">\n<div class=\"brz-rich-text brz-rich-text__custom brz-css-zxsul0 brz-css-kt9raa\" data-brz-custom-id=\"bPsyckwPLE6N\">\n<div data-brz-translate-text=\"1\">\n<h2 data-generated-css=\"brz-css-yd6ZX\" data-uniq-id=\"o1pxw\" class=\"brz-text-lg-center brz-tp-lg-heading2 brz-css-kgzHC\"><span style=\"color: rgb(0, 0, 0);\">Nuestros servicios<\/span><\/h2>\n<\/div>\n<\/div>\n<\/div>\n<div class=\"brz-row__container brz-css-1cesrjk brz-css-16nageb\" data-brz-custom-id=\"eWjXY09Nj5Xl\">\n<div class=\"brz-row brz-css-1gbhtlz brz-css-mt6yk7\">\n<div class=\"brz-columns brz-css-b8q6l3 brz-css-1efdfz7\" data-brz-custom-id=\"aez1moiOI47g\">\n<div class=\"brz-column__items brz-css-84ozew brz-css-rft7ze\">\n<div id=\"\" class=\"brz-css-1p14tse brz-css-1e5acla brz-wrapper\">\n<div class=\"brz-image brz-css-1g22rz4 brz-css-1ipd7yq\" data-brz-custom-id=\"p3WRvWUtXF1p\"><picture class=\"brz-picture brz-d-block brz-p-relative brz-css-16pf3nv brz-css-a2mo61\"><source srcset=\"https:\/\/marthalacontadora.com\/wp-content\/uploads\/2025\/06\/3.png 1x, https:\/\/marthalacontadora.com\/wp-content\/uploads\/2025\/06\/3.png 2x\" media=\"(min-width: 992px)\"><source srcset=\"https:\/\/marthalacontadora.com\/wp-content\/uploads\/2025\/06\/3.png 1x, https:\/\/marthalacontadora.com\/wp-content\/uploads\/2025\/06\/3.png 2x\" media=\"(min-width: 768px)\"><img decoding=\"async\" class=\"brz-img\" srcset=\"https:\/\/marthalacontadora.com\/wp-content\/uploads\/2025\/06\/3.png 1x, https:\/\/marthalacontadora.com\/wp-content\/uploads\/2025\/06\/3.png 2x\" src=\"https:\/\/marthalacontadora.com\/wp-content\/uploads\/2025\/06\/3.png\" alt=\"\" title=\"3\" draggable=\"false\" loading=\"lazy\"><\/picture><\/div>\n<\/div>\n<\/div>\n<\/div>\n<div class=\"brz-columns brz-css-b8q6l3 brz-css-f0d7bi\" data-brz-custom-id=\"kQ8BMdsdgILK\">\n<div class=\"brz-column__items brz-css-84ozew brz-css-1spcul9\">\n<div id=\"\" class=\"brz-css-1p14tse brz-css-1qoftyd brz-wrapper\">\n<div class=\"brz-image brz-css-4daw5n brz-css-i1m6sk\" data-brz-custom-id=\"dnf3q_kYVd8h\"><picture class=\"brz-picture brz-d-block brz-p-relative brz-css-9468da brz-css-ecs5q5\"><source srcset=\"https:\/\/marthalacontadora.com\/wp-content\/uploads\/2025\/06\/6.png 1x, https:\/\/marthalacontadora.com\/wp-content\/uploads\/2025\/06\/6.png 2x\" media=\"(min-width: 992px)\"><source srcset=\"https:\/\/marthalacontadora.com\/wp-content\/uploads\/2025\/06\/6.png 1x, https:\/\/marthalacontadora.com\/wp-content\/uploads\/2025\/06\/6.png 2x\" media=\"(min-width: 768px)\"><img decoding=\"async\" class=\"brz-img\" srcset=\"https:\/\/marthalacontadora.com\/wp-content\/uploads\/2025\/06\/6.png 1x, https:\/\/marthalacontadora.com\/wp-content\/uploads\/2025\/06\/6.png 2x\" src=\"https:\/\/marthalacontadora.com\/wp-content\/uploads\/2025\/06\/6.png\" alt=\"\" title=\"6\" draggable=\"false\" loading=\"lazy\"><\/picture><\/div>\n<\/div>\n<\/div>\n<\/div>\n<div class=\"brz-columns brz-css-b8q6l3 brz-css-2k9y56\" data-brz-custom-id=\"p7S1N9Hbst9h\">\n<div class=\"brz-column__items brz-css-84ozew brz-css-1p7ywzm\">\n<div id=\"\" class=\"brz-css-1p14tse brz-css-1jw75vl brz-wrapper\">\n<div class=\"brz-image brz-css-12e34gd brz-css-12v2zjo\" data-brz-custom-id=\"y4h40iyP980a\"><picture class=\"brz-picture brz-d-block brz-p-relative brz-css-kffrad brz-css-a7hrge\"><source srcset=\"https:\/\/marthalacontadora.com\/wp-content\/uploads\/2025\/06\/4.png 1x, https:\/\/marthalacontadora.com\/wp-content\/uploads\/2025\/06\/4.png 2x\" media=\"(min-width: 992px)\"><source srcset=\"https:\/\/marthalacontadora.com\/wp-content\/uploads\/2025\/06\/4.png 1x, https:\/\/marthalacontadora.com\/wp-content\/uploads\/2025\/06\/4.png 2x\" media=\"(min-width: 768px)\"><img decoding=\"async\" class=\"brz-img\" srcset=\"https:\/\/marthalacontadora.com\/wp-content\/uploads\/2025\/06\/4.png 1x, https:\/\/marthalacontadora.com\/wp-content\/uploads\/2025\/06\/4.png 2x\" src=\"https:\/\/marthalacontadora.com\/wp-content\/uploads\/2025\/06\/4.png\" alt=\"\" title=\"4\" draggable=\"false\" loading=\"lazy\"><\/picture><\/div>\n<\/div>\n<\/div>\n<\/div>\n<\/div>\n<\/div>\n<div class=\"brz-row__container brz-css-1cesrjk brz-css-tz4s8d\" data-brz-custom-id=\"wGF2iGcm6m6w\">\n<div class=\"brz-row brz-css-1gbhtlz brz-css-183yip0\">\n<div class=\"brz-columns brz-css-b8q6l3 brz-css-mv5sf\" data-brz-custom-id=\"wRiMYoDWmt9J\">\n<div class=\"brz-column__items brz-css-84ozew brz-css-1cle8se\">\n<div id=\"\" class=\"brz-css-1p14tse brz-css-1gkuftk brz-wrapper\">\n<div class=\"brz-rich-text brz-rich-text__custom brz-css-zxsul0 brz-css-17gr8um\" data-brz-custom-id=\"oSayEOhXdkLB\">\n<div data-brz-translate-text=\"1\">\n<p class=\"brz-tp-lg-paragraph brz-text-lg-justify brz-css-swP5j\" data-uniq-id=\"hFNmf\" data-generated-css=\"brz-css-a9yJ_\"><span style=\"background-color: transparent; color: rgb(0, 0, 0);\">&nbsp;Nos encargamos de la contabilidad de tu negocio para que puedas enfocarte en lo que m\u00e1s importa: hacerlo crecer. Precisi\u00f3n, orden y confianza, siempre.<\/span><\/p>\n<\/div>\n<\/div>\n<\/div>\n<\/div>\n<\/div>\n<div class=\"brz-columns brz-css-b8q6l3 brz-css-13kfzyz\" data-brz-custom-id=\"pZWbkURemIqB\">\n<div class=\"brz-column__items brz-css-84ozew brz-css-1mcmm4u\">\n<div id=\"\" class=\"brz-css-1p14tse brz-css-1o5xq97 brz-wrapper\">\n<div class=\"brz-rich-text brz-rich-text__custom brz-css-zxsul0 brz-css-5zapeu\" data-brz-custom-id=\"eH2_Y72qdiz2\">\n<div data-brz-translate-text=\"1\">\n<p class=\"brz-tp-lg-paragraph brz-text-lg-justify brz-css-eVqZR\" data-uniq-id=\"cjody\" data-generated-css=\"brz-css-yCvip\"><span style=\"background-color: transparent; color: rgb(0, 0, 0);\">&nbsp;Formaciones dise\u00f1adas para que entiendas el mundo contable sin complicaciones. Explicamos con ejemplos reales y lenguaje claro, desde lo b\u00e1sico hasta lo avanzado.<\/span><\/p>\n<\/div>\n<\/div>\n<\/div>\n<\/div>\n<\/div>\n<div class=\"brz-columns brz-css-b8q6l3 brz-css-pa6dfn\" data-brz-custom-id=\"vGpRHg55zAF2\">\n<div class=\"brz-column__items brz-css-84ozew brz-css-1inwosj\">\n<div id=\"\" class=\"brz-css-1p14tse brz-css-skr8q5 brz-wrapper\">\n<div class=\"brz-rich-text brz-rich-text__custom brz-css-zxsul0 brz-css-18vo6us\" data-brz-custom-id=\"anb0w7w5iR5d\">\n<div data-brz-translate-text=\"1\">\n<p class=\"brz-tp-lg-paragraph brz-text-lg-justify brz-css-bOuB0\" data-uniq-id=\"vax8t\" data-generated-css=\"brz-css-ldVIV\"><span style=\"background-color: transparent; color: rgb(0, 0, 0);\">&nbsp;Te acompa\u00f1amos en todo el proceso: declaraciones, registros, requerimientos y m\u00e1s. Sin estr\u00e9s, sin confusiones y a tiempo.<\/span><\/p>\n<\/div>\n<\/div>\n<\/div>\n<\/div>\n<\/div>\n<\/div>\n<\/div>\n<\/div>\n<p><a class=\"brz-a brz-link-container\" href=\"https:\/\/marthalacontadora.com\/?page_id=102\" target=\"_self\" rel=\"noopener\" data-brz-link-type=\"page\"><\/a><\/div>\n<\/section>\n<section id=\"dfa72f434243248d8e00_dsIHPGJ5GLXI\" class=\"brz-section brz-css-vno3y3 brz-css-1qotaed\">\n<div class=\"brz-section__content brz-section--boxed brz-css-11jcu2b brz-css-12qtd7y\" data-brz-custom-id=\"fJKslVIFJu6W\">\n<div class=\"brz-bg\">\n<div class=\"brz-bg-image\"><\/div>\n<\/div>\n<div class=\"brz-container brz-css-19r9kdu brz-css-xsxdz7\">\n<div id=\"\" class=\"brz-css-1p14tse brz-css-l0w1on brz-css-ah6ily brz-wrapper\">\n<div class=\"brz-spacer brz-css-8ua12c brz-css-egbpjc\"><\/div>\n<\/div>\n<div id=\"\" class=\"brz-css-1p14tse brz-css-l0w1on brz-css-vx9a2v brz-wrapper\">\n<div class=\"brz-spacer brz-css-8ua12c brz-css-1mo7p6p\"><\/div>\n<\/div>\n<div id=\"\" class=\"brz-css-1p14tse brz-css-l0w1on brz-css-1sgycc1 brz-wrapper\">\n<div class=\"brz-spacer brz-css-8ua12c brz-css-14uwr00\"><\/div>\n<\/div>\n<div id=\"\" class=\"brz-css-1p14tse brz-css-l0w1on brz-css-z9v4m4 brz-wrapper\">\n<div class=\"brz-spacer brz-css-8ua12c brz-css-1594hmn\"><\/div>\n<\/div>\n<div id=\"\" class=\"brz-css-1p14tse brz-css-l0w1on brz-css-ysg752 brz-wrapper\">\n<div class=\"brz-spacer brz-css-8ua12c brz-css-1u1xnvi\"><\/div>\n<\/div>\n<div id=\"\" class=\"brz-css-1p14tse brz-css-l0w1on brz-css-11cprll brz-wrapper\">\n<div class=\"brz-spacer brz-css-8ua12c brz-css-15hcn3d\"><\/div>\n<\/div>\n<\/div>\n<p><a class=\"brz-a brz-link-container\" href=\"https:\/\/marthalacontadora.com\/?page_id=98\" target=\"_self\" rel=\"noopener\" data-brz-link-type=\"page\"><\/a><\/div>\n<\/section>\n<section id=\"f7ab5345942da78337ce_bLTEZU2cth_4\" class=\"brz-section brz-css-vno3y3 brz-css-10u667r\">\n<div class=\"brz-section__content brz-section--boxed brz-css-11jcu2b brz-css-6jfdls\" data-brz-custom-id=\"yGBlMP_yAEwg\">\n<div class=\"brz-container brz-css-19r9kdu brz-css-1g1j53x\">\n<div class=\"brz-row__container brz-css-1cesrjk brz-css-qc1ghd\" data-brz-custom-id=\"xTMEoe38VmDJ\">\n<div class=\"brz-row brz-css-1gbhtlz brz-css-knms6e\">\n<div class=\"brz-columns brz-css-b8q6l3 brz-css-195u8j5\" data-brz-custom-id=\"d8SA2KYYvEYs\">\n<div class=\"brz-column__items brz-css-84ozew brz-css-124vxo7\">\n<div id=\"\" class=\"brz-css-1p14tse brz-css-1739741 brz-wrapper\">\n<div class=\"brz-rich-text brz-rich-text__custom brz-css-zxsul0 brz-css-1rhh8iz\" data-brz-custom-id=\"oyJgVcSdgNG2\">\n<div data-brz-translate-text=\"1\">\n<h3 class=\"brz-tp-lg-heading3 brz-text-lg-center brz-css-ee5ip\" data-uniq-id=\"lVmBI\" data-generated-css=\"brz-css-s8Xy_\"><span style=\"color: rgb(0, 0, 0);\">Las \u00faltimas noticias<\/span><\/h3>\n<\/div>\n<\/div>\n<\/div>\n<\/div>\n<\/div>\n<\/div>\n<\/div>\n<div class=\"brz-row__container brz-css-1cesrjk brz-css-qk5shc\" data-brz-custom-id=\"nWvLVuTifl1L\">\n<div class=\"brz-row brz-css-1gbhtlz brz-css-1t3taol brz-css-c6wowb\">\n<div class=\"brz-columns brz-css-b8q6l3 brz-css-4p2o2r\" data-brz-custom-id=\"cfzPR5EmoWyq\">\n<div class=\"brz-column__items brz-css-84ozew brz-css-1ndsg2x\">\n<div id=\"\" class=\"brz-css-1p14tse brz-css-m75kni brz-wrapper\">\n<div class=\"brz-image brz-css-1mpurqm brz-css-1xq97j6\" data-brz-custom-id=\"pJ6vYZPkli7R\"><picture class=\"brz-picture brz-d-block brz-p-relative brz-css-jftiw brz-css-l46nfy\"><source srcset=\"https:\/\/marthalacontadora.com\/wp-content\/uploads\/2025\/06\/PHOTO-PLACE-HOLDER.png 1x, https:\/\/marthalacontadora.com\/wp-content\/uploads\/2025\/06\/PHOTO-PLACE-HOLDER.png 2x\" media=\"(min-width: 992px)\"><source srcset=\"https:\/\/marthalacontadora.com\/wp-content\/uploads\/2025\/06\/PHOTO-PLACE-HOLDER.png 1x, https:\/\/marthalacontadora.com\/wp-content\/uploads\/2025\/06\/PHOTO-PLACE-HOLDER.png 2x\" media=\"(min-width: 768px)\"><img decoding=\"async\" class=\"brz-img\" srcset=\"https:\/\/marthalacontadora.com\/wp-content\/uploads\/2025\/06\/PHOTO-PLACE-HOLDER.png 1x, https:\/\/marthalacontadora.com\/wp-content\/uploads\/2025\/06\/PHOTO-PLACE-HOLDER.png 2x\" src=\"https:\/\/marthalacontadora.com\/wp-content\/uploads\/2025\/06\/PHOTO-PLACE-HOLDER.png\" alt=\"\" title=\"PHOTO PLACE HOLDER\" draggable=\"false\" loading=\"lazy\"><\/picture><\/div>\n<\/div>\n<\/div>\n<\/div>\n<div class=\"brz-columns brz-css-b8q6l3 brz-css-sgukl3\" data-brz-custom-id=\"zJcBuZsk0ii7\">\n<div class=\"brz-column__items brz-css-84ozew brz-css-rmes16\">\n<div id=\"\" class=\"brz-css-1p14tse brz-css-1jl2pk5 brz-wrapper\">\n<div class=\"brz-rich-text brz-rich-text__custom brz-css-zxsul0 brz-css-r04g43\" data-brz-custom-id=\"oQOANV5B4v6p\">\n<div data-brz-translate-text=\"1\">\n<p class=\"brz-tp-lg-paragraph brz-css-lO6tD\" data-generated-css=\"brz-css-xJERm\" data-uniq-id=\"a4mLf\"><strong style=\"background-color: transparent;\">Ya empez\u00f3 la temporada de renta 2024<\/strong><\/p>\n<p class=\"brz-tp-lg-paragraph brz-css-y9YUy\" data-generated-css=\"brz-css-xJERm\" data-uniq-id=\"a4mLf\"><span style=\"background-color: transparent;\"> Prep\u00e1rate con tiempo. Estamos compartiendo videos y recursos para que entiendas c\u00f3mo hacer tu declaraci\u00f3n sin enredos. \u00a1No lo dejes para \u00faltima hora!<\/span><\/p>\n<\/div>\n<\/div>\n<\/div>\n<\/div>\n<\/div>\n<\/div>\n<\/div>\n<\/div>\n<p><a class=\"brz-a brz-link-container\" href=\"https:\/\/marthalacontadora.com\/?page_id=104\" target=\"_self\" rel=\"noopener\" data-brz-link-type=\"page\"><\/a><\/div>\n<\/section>\n<\/div>\n<p>    <!-- version:1752864944 --><\/p>\n","protected":false},"excerpt":{"rendered":"<p>BIENVENIDOS AL SITIO WEB OFICIAL DE MARTHA LA CONTADORA Un espacio creado para acompa\u00f1arte, resolver tus dudas contables y ayudarte a tomar decisiones con confianza. \u00bfQuienes somos? Despu\u00e9s de 34 a\u00f1os trabajando en el mundo contable, entend\u00ed algo: lo que para algunos parece complicado, para m\u00ed se ha convertido en una forma de ayudar. Martha [&hellip;]<\/p>\n","protected":false},"author":1,"featured_media":0,"parent":0,"menu_order":0,"comment_status":"closed","ping_status":"closed","template":"brizy-blank-template.php","meta":{"footnotes":""},"class_list":["post-96","page","type-page","status-publish","hentry"],"_links":{"self":[{"href":"https:\/\/marthalacontadora.com\/index.php?rest_route=\/wp\/v2\/pages\/96","targetHints":{"allow":["GET"]}}],"collection":[{"href":"https:\/\/marthalacontadora.com\/index.php?rest_route=\/wp\/v2\/pages"}],"about":[{"href":"https:\/\/marthalacontadora.com\/index.php?rest_route=\/wp\/v2\/types\/page"}],"author":[{"embeddable":true,"href":"https:\/\/marthalacontadora.com\/index.php?rest_route=\/wp\/v2\/users\/1"}],"replies":[{"embeddable":true,"href":"https:\/\/marthalacontadora.com\/index.php?rest_route=%2Fwp%2Fv2%2Fcomments&post=96"}],"version-history":[{"count":5,"href":"https:\/\/marthalacontadora.com\/index.php?rest_route=\/wp\/v2\/pages\/96\/revisions"}],"predecessor-version":[{"id":293,"href":"https:\/\/marthalacontadora.com\/index.php?rest_route=\/wp\/v2\/pages\/96\/revisions\/293"}],"wp:attachment":[{"href":"https:\/\/marthalacontadora.com\/index.php?rest_route=%2Fwp%2Fv2%2Fmedia&parent=96"}],"curies":[{"name":"wp","href":"https:\/\/api.w.org\/{rel}","templated":true}]}}